{"id":12,"date":"2024-09-27T21:45:58","date_gmt":"2024-09-27T21:45:58","guid":{"rendered":"http:\/\/www.instytutdr.pl\/?page_id=12"},"modified":"2024-10-30T22:26:21","modified_gmt":"2024-10-30T22:26:21","slug":"fundacja","status":"publish","type":"page","link":"https:\/\/www.instytutdr.pl\/","title":{"rendered":"Instytut Dobrych Relacji"},"content":{"rendered":"\t\t<div data-elementor-type=\"wp-page\" data-elementor-id=\"12\" class=\"elementor elementor-12\">\n\t\t\t\t<div class=\"elementor-element elementor-element-4e63147 e-con-full e-flex e-con e-parent\" data-id=\"4e63147\" data-element_type=\"container\" data-settings=\"{&quot;background_slideshow_gallery&quot;:[{&quot;id&quot;:&quot;14&quot;,&quot;url&quot;:&quot;http:\\\/\\\/www.instytutdr.pl\\\/wp-content\\\/uploads\\\/2024\\\/09\\\/graf1.png&quot;},{&quot;id&quot;:19,&quot;url&quot;:&quot;http:\\\/\\\/www.instytutdr.pl\\\/wp-content\\\/uploads\\\/2024\\\/09\\\/graf2.png&quot;}],&quot;background_background&quot;:&quot;slideshow&quot;,&quot;background_slideshow_loop&quot;:&quot;yes&quot;,&quot;background_slideshow_slide_duration&quot;:5000,&quot;background_slideshow_slide_transition&quot;:&quot;fade&quot;,&quot;background_slideshow_transition_duration&quot;:500}\">\n\t\t<div class=\"elementor-element elementor-element-b626f15 e-con-full e-flex e-con e-child\" data-id=\"b626f15\" data-element_type=\"container\">\n\t\t\t\t<div class=\"elementor-element elementor-element-421168f2 elementor-widget__width-initial elementor-widget elementor-widget-heading\" data-id=\"421168f2\" data-element_type=\"widget\" data-widget_type=\"heading.default\">\n\t\t\t\t<div class=\"elementor-widget-container\">\n\t\t\t<h1 class=\"elementor-heading-title elementor-size-default\">FUNDACJA <br><b>INSTYTUT DOBRYCH RELACJI<\/b><\/h1>\t\t<\/div>\n\t\t\t\t<\/div>\n\t\t\t\t<div class=\"elementor-element elementor-element-45ce2749 elementor-widget elementor-widget-text-editor\" data-id=\"45ce2749\" data-element_type=\"widget\" data-widget_type=\"text-editor.default\">\n\t\t\t\t<div class=\"elementor-widget-container\">\n\t\t\t\t\t\t\t<p>&#8222;Nasz\u0105 misj\u0105 jest nie\u015b\u0107 <b>profesjonalne wsparcie<\/b> poprzez edukacj\u0119, terapi\u0119, coaching, modlitw\u0119, ka\u017cdej osobie, kt\u00f3ra chce wzrasta\u0107 i zmienia\u0107 swoje \u017cycie&#8221;.<\/p><p>&#8222;Nasz\u0105 wizj\u0105 jest, aby <b>ka\u017cdy<\/b>\u00a0<b>\u017cy\u0142 w pe\u0142ni, w rado\u015bci i w wolno\u015bci.\u00a0<\/b>\u00a0<\/p><p>\u00a0<\/p>\t\t\t\t\t\t<\/div>\n\t\t\t\t<\/div>\n\t\t\t\t<div class=\"elementor-element elementor-element-15c3b57 elementor-widget-divider--view-line elementor-widget elementor-widget-divider\" data-id=\"15c3b57\" data-element_type=\"widget\" data-widget_type=\"divider.default\">\n\t\t\t\t<div class=\"elementor-widget-container\">\n\t\t\t\t\t<div class=\"elementor-divider\">\n\t\t\t<span class=\"elementor-divider-separator\">\n\t\t\t\t\t\t<\/span>\n\t\t<\/div>\n\t\t\t\t<\/div>\n\t\t\t\t<\/div>\n\t\t\t\t<div class=\"elementor-element elementor-element-72347a8b elementor-widget elementor-widget-heading\" data-id=\"72347a8b\" data-element_type=\"widget\" data-widget_type=\"heading.default\">\n\t\t\t\t<div class=\"elementor-widget-container\">\n\t\t\t<h1 class=\"elementor-heading-title elementor-size-default\">Nasze dzia\u0142ania<\/h1>\t\t<\/div>\n\t\t\t\t<\/div>\n\t\t<div class=\"elementor-element elementor-element-22358b8d e-con-full e-flex e-con e-child\" data-id=\"22358b8d\" data-element_type=\"container\">\n\t\t<div class=\"elementor-element elementor-element-5e51168e e-con-full e-flex elementor-invisible e-con e-child\" data-id=\"5e51168e\" data-element_type=\"container\" data-settings=\"{&quot;animation&quot;:&quot;fadeInUp&quot;}\">\n\t\t\t\t<div class=\"elementor-element elementor-element-32e5ad47 elementor-widget elementor-widget-heading\" data-id=\"32e5ad47\" data-element_type=\"widget\" data-widget_type=\"heading.default\">\n\t\t\t\t<div class=\"elementor-widget-container\">\n\t\t\t<h3 class=\"elementor-heading-title elementor-size-default\">Prowadzimy chrze\u015bcija\u0144sk\u0105 <b>internetow\u0105  poradni\u0119 Si\u00f3demka<\/b><\/h3>\t\t<\/div>\n\t\t\t\t<\/div>\n\t\t\t\t<\/div>\n\t\t<div class=\"elementor-element elementor-element-3015dcd2 e-con-full e-flex elementor-invisible e-con e-child\" data-id=\"3015dcd2\" data-element_type=\"container\" data-settings=\"{&quot;animation&quot;:&quot;fadeInUp&quot;}\">\n\t\t\t\t<div class=\"elementor-element elementor-element-5ade3018 elementor-widget elementor-widget-heading\" data-id=\"5ade3018\" data-element_type=\"widget\" data-widget_type=\"heading.default\">\n\t\t\t\t<div class=\"elementor-widget-container\">\n\t\t\t<h3 class=\"elementor-heading-title elementor-size-default\">Organizujemy <b>warsztaty dotycz\u0105ce budowania relacji<\/b><\/h3>\t\t<\/div>\n\t\t\t\t<\/div>\n\t\t\t\t<\/div>\n\t\t<div class=\"elementor-element elementor-element-50f3aba9 e-con-full e-flex elementor-invisible e-con e-child\" data-id=\"50f3aba9\" data-element_type=\"container\" data-settings=\"{&quot;animation&quot;:&quot;fadeInUp&quot;}\">\n\t\t\t\t<div class=\"elementor-element elementor-element-d320cdd elementor-widget elementor-widget-heading\" data-id=\"d320cdd\" data-element_type=\"widget\" data-widget_type=\"heading.default\">\n\t\t\t\t<div class=\"elementor-widget-container\">\n\t\t\t<h3 class=\"elementor-heading-title elementor-size-default\">Wspieramy  <b>Lider\u00f3w i Pastor\u00f3w<\/b> w ich codziennej pracy<\/h3>\t\t<\/div>\n\t\t\t\t<\/div>\n\t\t\t\t<\/div>\n\t\t<div class=\"elementor-element elementor-element-1e022bb2 e-con-full e-flex elementor-invisible e-con e-child\" data-id=\"1e022bb2\" data-element_type=\"container\" data-settings=\"{&quot;animation&quot;:&quot;fadeInUp&quot;,&quot;animation_delay&quot;:200}\">\n\t\t\t\t<div class=\"elementor-element elementor-element-47ce08ee elementor-widget elementor-widget-heading\" data-id=\"47ce08ee\" data-element_type=\"widget\" data-widget_type=\"heading.default\">\n\t\t\t\t<div class=\"elementor-widget-container\">\n\t\t\t<h3 class=\"elementor-heading-title elementor-size-default\">Prowadzimy specjalny <b>Fundusz wsparcia<\/b> dla os\u00f3b w trudnej sytuacji finansowej<\/h3>\t\t<\/div>\n\t\t\t\t<\/div>\n\t\t\t\t<\/div>\n\t\t\t\t<\/div>\n\t\t\t\t<\/div>\n\t\t\t\t<\/div>\n\t\t<div class=\"elementor-element elementor-element-fcbdd96 e-grid e-con-boxed e-con e-parent\" data-id=\"fcbdd96\" data-element_type=\"container\">\n\t\t\t\t\t<div class=\"e-con-inner\">\n\t\t\t\t<div class=\"elementor-element elementor-element-35b3cf7b elementor-align-center elementor-mobile-align-center elementor-widget__width-initial elementor-widget-tablet__width-initial elementor-widget-mobile__width-inherit elementor-tablet-align-center elementor-widget elementor-widget-button\" data-id=\"35b3cf7b\" data-element_type=\"widget\" data-widget_type=\"button.default\">\n\t\t\t\t<div class=\"elementor-widget-container\">\n\t\t\t\t\t\t\t<div class=\"elementor-button-wrapper\">\n\t\t\t\t\t<a class=\"elementor-button elementor-button-link elementor-size-md\" href=\"https:\/\/poradniasiodemka.pl\/\">\n\t\t\t\t\t\t<span class=\"elementor-button-content-wrapper\">\n\t\t\t\t\t\t\t\t\t<span class=\"elementor-button-text\">Strona Poradni Si\u00f3demka<\/span>\n\t\t\t\t\t<\/span>\n\t\t\t\t\t<\/a>\n\t\t\t\t<\/div>\n\t\t\t\t\t\t<\/div>\n\t\t\t\t<\/div>\n\t\t\t\t<div class=\"elementor-element elementor-element-452b63f3 elementor-align-center elementor-mobile-align-center elementor-widget__width-initial elementor-widget-tablet__width-initial elementor-widget-mobile__width-inherit elementor-tablet-align-center elementor-widget elementor-widget-button\" data-id=\"452b63f3\" data-element_type=\"widget\" data-widget_type=\"button.default\">\n\t\t\t\t<div class=\"elementor-widget-container\">\n\t\t\t\t\t\t\t<div class=\"elementor-button-wrapper\">\n\t\t\t\t\t<a class=\"elementor-button elementor-button-link elementor-size-md\" href=\"https:\/\/www.warsztatybliskosci.pl\/\">\n\t\t\t\t\t\t<span class=\"elementor-button-content-wrapper\">\n\t\t\t\t\t\t\t\t\t<span class=\"elementor-button-text\">Sprawd\u017a nasze warsztaty<\/span>\n\t\t\t\t\t<\/span>\n\t\t\t\t\t<\/a>\n\t\t\t\t<\/div>\n\t\t\t\t\t\t<\/div>\n\t\t\t\t<\/div>\n\t\t\t\t\t<\/div>\n\t\t\t\t<\/div>\n\t\t<div class=\"elementor-element elementor-element-67074935 e-con-full e-flex e-con e-parent\" data-id=\"67074935\" data-element_type=\"container\" data-settings=\"{&quot;background_background&quot;:&quot;classic&quot;}\">\n\t\t<div class=\"elementor-element elementor-element-3e5db2f5 e-con-full e-flex e-con e-child\" data-id=\"3e5db2f5\" data-element_type=\"container\" data-settings=\"{&quot;background_background&quot;:&quot;slideshow&quot;,&quot;background_slideshow_gallery&quot;:[{&quot;id&quot;:20,&quot;url&quot;:&quot;http:\\\/\\\/www.instytutdr.pl\\\/wp-content\\\/uploads\\\/2024\\\/09\\\/grandma-3012295_1920m.jpg&quot;},{&quot;id&quot;:21,&quot;url&quot;:&quot;http:\\\/\\\/www.instytutdr.pl\\\/wp-content\\\/uploads\\\/2024\\\/09\\\/beach-7018533_1920.jpg&quot;},{&quot;id&quot;:22,&quot;url&quot;:&quot;http:\\\/\\\/www.instytutdr.pl\\\/wp-content\\\/uploads\\\/2024\\\/09\\\/family-5377898_1920.jpg&quot;}],&quot;background_slideshow_loop&quot;:&quot;yes&quot;,&quot;background_slideshow_slide_duration&quot;:5000,&quot;background_slideshow_slide_transition&quot;:&quot;fade&quot;,&quot;background_slideshow_transition_duration&quot;:500}\">\n\t\t\t\t<\/div>\n\t\t<div class=\"elementor-element elementor-element-4b5c0c63 e-con-full e-flex e-con e-child\" data-id=\"4b5c0c63\" data-element_type=\"container\" data-settings=\"{&quot;background_background&quot;:&quot;classic&quot;}\">\n\t\t\t\t<div class=\"elementor-element elementor-element-7800c4d0 elementor-widget-divider--view-line elementor-widget elementor-widget-divider\" data-id=\"7800c4d0\" data-element_type=\"widget\" data-widget_type=\"divider.default\">\n\t\t\t\t<div class=\"elementor-widget-container\">\n\t\t\t\t\t<div class=\"elementor-divider\">\n\t\t\t<span class=\"elementor-divider-separator\">\n\t\t\t\t\t\t<\/span>\n\t\t<\/div>\n\t\t\t\t<\/div>\n\t\t\t\t<\/div>\n\t\t\t\t<div class=\"elementor-element elementor-element-3ea5f1dc elementor-widget elementor-widget-heading\" data-id=\"3ea5f1dc\" data-element_type=\"widget\" data-widget_type=\"heading.default\">\n\t\t\t\t<div class=\"elementor-widget-container\">\n\t\t\t<h2 class=\"elementor-heading-title elementor-size-default\">Fundusz <b>Wsparcia <\/b><\/h2>\t\t<\/div>\n\t\t\t\t<\/div>\n\t\t\t\t<div class=\"elementor-element elementor-element-653829f2 elementor-widget elementor-widget-text-editor\" data-id=\"653829f2\" data-element_type=\"widget\" data-widget_type=\"text-editor.default\">\n\t\t\t\t<div class=\"elementor-widget-container\">\n\t\t\t\t\t\t\t<p>Osoby, kt\u00f3re s\u0105 w kryzysie i nie maj\u0105 \u015brodk\u00f3w, mog\u0105 skorzysta\u0107 ze wsparcia Funduszu zasilanego przez cz\u0119\u015b\u0107 z naszego wynagrodzenia oraz wp\u0142at darczy\u0144c\u00f3w.\u00a0<\/p>\t\t\t\t\t\t<\/div>\n\t\t\t\t<\/div>\n\t\t\t\t<div class=\"elementor-element elementor-element-145c6511 elementor-align-center elementor-mobile-align-center elementor-widget__width-initial elementor-widget-tablet__width-initial elementor-widget-mobile__width-inherit elementor-tablet-align-justify elementor-widget elementor-widget-button\" data-id=\"145c6511\" data-element_type=\"widget\" data-widget_type=\"button.default\">\n\t\t\t\t<div class=\"elementor-widget-container\">\n\t\t\t\t\t\t\t<div class=\"elementor-button-wrapper\">\n\t\t\t\t\t<a class=\"elementor-button elementor-button-link elementor-size-md\" href=\"https:\/\/poradniasiodemka.pl\/?page_id=1167\">\n\t\t\t\t\t\t<span class=\"elementor-button-content-wrapper\">\n\t\t\t\t\t\t\t\t\t<span class=\"elementor-button-text\">Sprawd\u017a jak dzia\u0142a Fundusz<\/span>\n\t\t\t\t\t<\/span>\n\t\t\t\t\t<\/a>\n\t\t\t\t<\/div>\n\t\t\t\t\t\t<\/div>\n\t\t\t\t<\/div>\n\t\t\t\t<div class=\"elementor-element elementor-element-97cacc4 elementor-widget-divider--view-line elementor-widget elementor-widget-divider\" data-id=\"97cacc4\" data-element_type=\"widget\" data-widget_type=\"divider.default\">\n\t\t\t\t<div class=\"elementor-widget-container\">\n\t\t\t\t\t<div class=\"elementor-divider\">\n\t\t\t<span class=\"elementor-divider-separator\">\n\t\t\t\t\t\t<\/span>\n\t\t<\/div>\n\t\t\t\t<\/div>\n\t\t\t\t<\/div>\n\t\t\t\t<div class=\"elementor-element elementor-element-e5dd8d4 elementor-widget elementor-widget-heading\" data-id=\"e5dd8d4\" data-element_type=\"widget\" data-widget_type=\"heading.default\">\n\t\t\t\t<div class=\"elementor-widget-container\">\n\t\t\t<h2 class=\"elementor-heading-title elementor-size-default\"><b>Wp\u0142a\u0107 <\/b>darowizn\u0119<\/h2>\t\t<\/div>\n\t\t\t\t<\/div>\n\t\t<div class=\"elementor-element elementor-element-37a034e4 e-con-full e-flex e-con e-child\" data-id=\"37a034e4\" data-element_type=\"container\">\n\t\t\t\t<div class=\"elementor-element elementor-element-45fdad74 elementor-align-justify elementor-mobile-align-justify elementor-widget__width-initial elementor-widget-tablet__width-initial elementor-widget-mobile__width-initial elementor-tablet-align-center elementor-widget elementor-widget-button\" data-id=\"45fdad74\" data-element_type=\"widget\" data-widget_type=\"button.default\">\n\t\t\t\t<div class=\"elementor-widget-container\">\n\t\t\t\t\t\t\t<div class=\"elementor-button-wrapper\">\n\t\t\t\t\t<a class=\"elementor-button elementor-button-link elementor-size-sm\" href=\"https:\/\/s.przelewy24.pl\/CBGh8TDJCkAS\">\n\t\t\t\t\t\t<span class=\"elementor-button-content-wrapper\">\n\t\t\t\t\t\t\t\t\t<span class=\"elementor-button-text\">50 z\u0142<\/span>\n\t\t\t\t\t<\/span>\n\t\t\t\t\t<\/a>\n\t\t\t\t<\/div>\n\t\t\t\t\t\t<\/div>\n\t\t\t\t<\/div>\n\t\t\t\t<div class=\"elementor-element elementor-element-568e6a8e elementor-align-justify elementor-mobile-align-justify elementor-widget__width-initial elementor-widget-tablet__width-initial elementor-widget-mobile__width-initial elementor-tablet-align-center elementor-widget elementor-widget-button\" data-id=\"568e6a8e\" data-element_type=\"widget\" data-widget_type=\"button.default\">\n\t\t\t\t<div class=\"elementor-widget-container\">\n\t\t\t\t\t\t\t<div class=\"elementor-button-wrapper\">\n\t\t\t\t\t<a class=\"elementor-button elementor-button-link elementor-size-sm\" href=\"https:\/\/s.przelewy24.pl\/311cghaFG5Dg\">\n\t\t\t\t\t\t<span class=\"elementor-button-content-wrapper\">\n\t\t\t\t\t\t\t\t\t<span class=\"elementor-button-text\">100 z\u0142<\/span>\n\t\t\t\t\t<\/span>\n\t\t\t\t\t<\/a>\n\t\t\t\t<\/div>\n\t\t\t\t\t\t<\/div>\n\t\t\t\t<\/div>\n\t\t\t\t<div class=\"elementor-element elementor-element-1da10376 elementor-align-justify elementor-mobile-align-justify elementor-widget__width-initial elementor-widget-tablet__width-initial elementor-widget-mobile__width-initial elementor-tablet-align-center elementor-widget elementor-widget-button\" data-id=\"1da10376\" data-element_type=\"widget\" data-widget_type=\"button.default\">\n\t\t\t\t<div class=\"elementor-widget-container\">\n\t\t\t\t\t\t\t<div class=\"elementor-button-wrapper\">\n\t\t\t\t\t<a class=\"elementor-button elementor-button-link elementor-size-sm\" href=\"https:\/\/s.przelewy24.pl\/311cghaFG5Dg\">\n\t\t\t\t\t\t<span class=\"elementor-button-content-wrapper\">\n\t\t\t\t\t\t\t\t\t<span class=\"elementor-button-text\">200 z\u0142<\/span>\n\t\t\t\t\t<\/span>\n\t\t\t\t\t<\/a>\n\t\t\t\t<\/div>\n\t\t\t\t\t\t<\/div>\n\t\t\t\t<\/div>\n\t\t\t\t<\/div>\n\t\t\t\t<div class=\"elementor-element elementor-element-67df2f4 elementor-widget-divider--view-line elementor-widget elementor-widget-divider\" data-id=\"67df2f4\" data-element_type=\"widget\" data-widget_type=\"divider.default\">\n\t\t\t\t<div class=\"elementor-widget-container\">\n\t\t\t\t\t<div class=\"elementor-divider\">\n\t\t\t<span class=\"elementor-divider-separator\">\n\t\t\t\t\t\t<\/span>\n\t\t<\/div>\n\t\t\t\t<\/div>\n\t\t\t\t<\/div>\n\t\t\t\t<\/div>\n\t\t\t\t<\/div>\n\t\t<div class=\"elementor-element elementor-element-223e7c8 e-flex e-con-boxed e-con e-parent\" data-id=\"223e7c8\" data-element_type=\"container\">\n\t\t\t\t\t<div class=\"e-con-inner\">\n\t\t<div class=\"elementor-element elementor-element-7d42ed7c e-con-full e-flex e-con e-child\" data-id=\"7d42ed7c\" data-element_type=\"container\" data-settings=\"{&quot;background_background&quot;:&quot;classic&quot;}\">\n\t\t\t\t<div class=\"elementor-element elementor-element-7dae5919 elementor-widget elementor-widget-text-editor\" data-id=\"7dae5919\" data-element_type=\"widget\" data-widget_type=\"text-editor.default\">\n\t\t\t\t<div class=\"elementor-widget-container\">\n\t\t\t\t\t\t\t<p><span style=\"color: #333333;\"><strong>Dane<\/strong>: Fundacja Instytut Dobrych Relacji,&nbsp;<\/span><br><span style=\"color: #333333;\"><strong>KRS:<\/strong> 8522588060,&nbsp;<\/span><\/p>\n<p><span style=\"color: #333333;\"><strong>Adres:<\/strong> Ul. Kard. Stefana Wyszy\u0144skiego 28\/23, 72-010 Police<\/span><\/p><p><span style=\"color: #333333;\"><b>kontakt<\/b>: biuro@instytutdr.pl<\/span><\/p>\t\t\t\t\t\t<\/div>\n\t\t\t\t<\/div>\n\t\t\t\t<div class=\"elementor-element elementor-element-675f0fdc elementor-widget elementor-widget-text-editor\" data-id=\"675f0fdc\" data-element_type=\"widget\" data-widget_type=\"text-editor.default\">\n\t\t\t\t<div class=\"elementor-widget-container\">\n\t\t\t\t\t\t\t<p>\u00a9 All Rights Reserved<\/p>\t\t\t\t\t\t<\/div>\n\t\t\t\t<\/div>\n\t\t\t\t<\/div>\n\t\t\t\t\t<\/div>\n\t\t\t\t<\/div>\n\t\t\t\t<\/div>\n\t\t","protected":false},"excerpt":{"rendered":"<p>FUNDACJA INSTYTUT DOBRYCH RELACJI &#8222;Nasz\u0105 misj\u0105 jest nie\u015b\u0107 profesjonalne wsparcie poprzez edukacj\u0119, terapi\u0119, coaching, modlitw\u0119, ka\u017cdej osobie, kt\u00f3ra chce wzrasta\u0107 i zmienia\u0107 swoje \u017cycie&#8221;. &#8222;Nasz\u0105 wizj\u0105 jest, aby ka\u017cdy\u00a0\u017cy\u0142 w pe\u0142ni, w rado\u015bci i w wolno\u015bci.\u00a0\u00a0 \u00a0 Nasze dzia\u0142ania Prowadzimy chrze\u015bcija\u0144sk\u0105 internetow\u0105 poradni\u0119 Si\u00f3demka Organizujemy warsztaty dotycz\u0105ce budowania relacji Wspieramy Lider\u00f3w i Pastor\u00f3w w ich [&hellip;]<\/p>\n","protected":false},"author":1,"featured_media":0,"parent":0,"menu_order":0,"comment_status":"closed","ping_status":"closed","template":"elementor_header_footer","meta":{"footnotes":""},"class_list":["post-12","page","type-page","status-publish","hentry"],"_links":{"self":[{"href":"https:\/\/www.instytutdr.pl\/index.php\/wp-json\/wp\/v2\/pages\/12"}],"collection":[{"href":"https:\/\/www.instytutdr.pl\/index.php\/wp-json\/wp\/v2\/pages"}],"about":[{"href":"https:\/\/www.instytutdr.pl\/index.php\/wp-json\/wp\/v2\/types\/page"}],"author":[{"embeddable":true,"href":"https:\/\/www.instytutdr.pl\/index.php\/wp-json\/wp\/v2\/users\/1"}],"replies":[{"embeddable":true,"href":"https:\/\/www.instytutdr.pl\/index.php\/wp-json\/wp\/v2\/comments?post=12"}],"version-history":[{"count":59,"href":"https:\/\/www.instytutdr.pl\/index.php\/wp-json\/wp\/v2\/pages\/12\/revisions"}],"predecessor-version":[{"id":108,"href":"https:\/\/www.instytutdr.pl\/index.php\/wp-json\/wp\/v2\/pages\/12\/revisions\/108"}],"wp:attachment":[{"href":"https:\/\/www.instytutdr.pl\/index.php\/wp-json\/wp\/v2\/media?parent=12"}],"curies":[{"name":"wp","href":"https:\/\/api.w.org\/{rel}","templated":true}]}}